{"id":29,"date":"2021-08-16T15:37:23","date_gmt":"2021-08-16T15:37:23","guid":{"rendered":"https:\/\/www.aguasdecimitarrasas.com\/?page_id=29"},"modified":"2023-07-07T02:32:05","modified_gmt":"2023-07-07T02:32:05","slug":"quienes-somos","status":"publish","type":"page","link":"https:\/\/www.aguasdecimitarrasas.com\/?page_id=29","title":{"rendered":"Quienes Somos?"},"content":{"rendered":"\n<div class=\"wp-block-group\"><div class=\"wp-block-group__inner-container is-layout-flow wp-block-group-is-layout-flow\"><\/div><\/div>\n\n\n\n<h2 class=\"has-text-align-center wp-block-heading\">MISION<\/h2>\n\n\n\n<p class=\"has-text-align-left\">Prestar los servicios de Acueducto, Alcantarillado y Aseo, con eficiencia y eficacia, cumpliendo con la normatividad vigente. A trav\u00e9s de su desarrollo organizacional pretende aportar a la calidad de vida del municipio de Cimitarra y la regi\u00f3n de influencia, permitiendo un desarrollo sostenible aportando a la responsabilidad social empresarial, con un alto est\u00e1ndar en el cuidado del medio ambiente y una \u00f3ptima prestaci\u00f3n de los servicios dando uso a las tecnolog\u00edas apropiadas con procesos estandarizados enfocados en el crecimiento de la empresa, sus empleados y cada uno de sus usuarios.<\/p>\n\n\n<div class=\"wp-block-image\">\n<figure class=\"aligncenter size-full\"><img loading=\"lazy\" decoding=\"async\" width=\"110\" height=\"80\" src=\"https:\/\/www.aguasdecimitarrasas.com\/wp-content\/uploads\/2021\/08\/s3.png\" alt=\"\" class=\"wp-image-28\"\/><\/figure>\n<\/div>\n\n\n<h2 class=\"has-text-align-center wp-block-heading\">VISION<\/h2>\n\n\n\n<p>Para el a\u00f1o 2025, seremos una empresa reconocida en la prestaci\u00f3n de servicios p\u00fablicos domiciliarios l\u00edder a nivel regional y nacional, con procesos de calidad, altamente competitiva, comprometlda con el desarrollo sostenible de la comunidad, garantizando cobertura en el \u00e1rea de influencia, con apalancamiento en la tecnolog\u00eda y capacitaci\u00f3n permanente de su recurso humano, garantizando armon\u00eda y un servicio confiable.<\/p>\n\n\n\n<p><\/p>\n\n\n\n<h2 class=\"has-text-align-center wp-block-heading\">CONTRATO DE CONDICIONES UNIFORMES<\/h2>\n\n\n\n<figure class=\"wp-block-table has-medium-font-size\"><table><tbody><tr><td class=\"has-text-align-center\" data-align=\"center\">Contrato de Acueducto y Alcantarillado<\/td><td><a rel=\"noreferrer noopener\" href=\"https:\/\/www.aguasdecimitarrasas.com\/wp-content\/uploads\/2023\/07\/Anexo-1.-CCU-ACUEDUCTO-Y-ALCANTARILLADO.pdf\" target=\"_blank\">https:\/\/www.aguasdecimitarrasas.com\/wp-content\/uploads\/2023\/07\/Anexo-1.-CCU-ACUEDUCTO-Y-ALCANTARILLADO.pdf<\/a><\/td><\/tr><tr><td class=\"has-text-align-center\" data-align=\"center\">Contrato de Aseo<\/td><td><a rel=\"noreferrer noopener\" href=\"https:\/\/www.aguasdecimitarrasas.com\/wp-content\/uploads\/2023\/07\/Anexo-2.-CCU-ASEO.pdf\" target=\"_blank\">https:\/\/www.aguasdecimitarrasas.com\/wp-content\/uploads\/2023\/07\/Anexo-2.-CCU-ASEO.pdf<\/a><\/td><\/tr><tr><td class=\"has-text-align-center\" data-align=\"center\">Anexos T\u00e9cnicos<\/td><td><a rel=\"noreferrer noopener\" href=\"https:\/\/www.aguasdecimitarrasas.com\/wp-content\/uploads\/2023\/07\/Anexo-3.-ANEXOS-TECNICOS-CCU.pdf\" target=\"_blank\">https:\/\/www.aguasdecimitarrasas.com\/wp-content\/uploads\/2023\/07\/Anexo-3.-ANEXOS-TECNICOS-CCU.pdf<\/a><\/td><\/tr><\/tbody><\/table><\/figure>\n\n\n\n<p><\/p>\n\n\n\n<figure class=\"wp-block-image size-large\"><img loading=\"lazy\" decoding=\"async\" width=\"1024\" height=\"683\" src=\"https:\/\/www.aguasdecimitarrasas.com\/wp-content\/uploads\/2021\/08\/aqua-1024x683.jpg\" alt=\"\" class=\"wp-image-23\" srcset=\"https:\/\/www.aguasdecimitarrasas.com\/wp-content\/uploads\/2021\/08\/aqua-1024x683.jpg 1024w, https:\/\/www.aguasdecimitarrasas.com\/wp-content\/uploads\/2021\/08\/aqua-300x200.jpg 300w, https:\/\/www.aguasdecimitarrasas.com\/wp-content\/uploads\/2021\/08\/aqua-768x512.jpg 768w, https:\/\/www.aguasdecimitarrasas.com\/wp-content\/uploads\/2021\/08\/aqua.jpg 1317w\" sizes=\"auto, (max-width: 1024px) 100vw, 1024px\" \/><\/figure>\n","protected":false},"excerpt":{"rendered":"<p>MISION Prestar los servicios de Acueducto, Alcantarillado y Aseo, con eficiencia y eficacia, cumpliendo con la normatividad vigente. A trav\u00e9s de su desarrollo organizacional pretende aportar a la calidad de vida del municipio de Cimitarra y la regi\u00f3n de influencia, permitiendo un desarrollo sostenible aportando a la responsabilidad social empresarial, con un alto est\u00e1ndar en [&hellip;]<\/p>\n","protected":false},"author":1,"featured_media":0,"parent":0,"menu_order":0,"comment_status":"closed","ping_status":"closed","template":"","meta":{"footnotes":""},"class_list":["post-29","page","type-page","status-publish","hentry"],"_links":{"self":[{"href":"https:\/\/www.aguasdecimitarrasas.com\/index.php?rest_route=\/wp\/v2\/pages\/29","targetHints":{"allow":["GET"]}}],"collection":[{"href":"https:\/\/www.aguasdecimitarrasas.com\/index.php?rest_route=\/wp\/v2\/pages"}],"about":[{"href":"https:\/\/www.aguasdecimitarrasas.com\/index.php?rest_route=\/wp\/v2\/types\/page"}],"author":[{"embeddable":true,"href":"https:\/\/www.aguasdecimitarrasas.com\/index.php?rest_route=\/wp\/v2\/users\/1"}],"replies":[{"embeddable":true,"href":"https:\/\/www.aguasdecimitarrasas.com\/index.php?rest_route=%2Fwp%2Fv2%2Fcomments&post=29"}],"version-history":[{"count":6,"href":"https:\/\/www.aguasdecimitarrasas.com\/index.php?rest_route=\/wp\/v2\/pages\/29\/revisions"}],"predecessor-version":[{"id":332,"href":"https:\/\/www.aguasdecimitarrasas.com\/index.php?rest_route=\/wp\/v2\/pages\/29\/revisions\/332"}],"wp:attachment":[{"href":"https:\/\/www.aguasdecimitarrasas.com\/index.php?rest_route=%2Fwp%2Fv2%2Fmedia&parent=29"}],"curies":[{"name":"wp","href":"https:\/\/api.w.org\/{rel}","templated":true}]}}