{"id":573,"date":"2024-08-08T13:58:53","date_gmt":"2024-08-08T13:58:53","guid":{"rendered":"https:\/\/www.aguasdecimitarrasas.com\/?page_id=573"},"modified":"2024-08-29T15:03:08","modified_gmt":"2024-08-29T15:03:08","slug":"contrato-5","status":"publish","type":"page","link":"https:\/\/www.aguasdecimitarrasas.com\/?page_id=573","title":{"rendered":"AGUC-INVPUB-01-24"},"content":{"rendered":"\n<p>DATOS DEL PROCESO <\/p>\n\n\n\n<p><strong>Proceso No.<\/strong>&nbsp;<strong>INVITACION PUBLICA No<\/strong> <strong>AGUC-INVPUB-01-24<\/strong><\/p>\n\n\n\n<p><strong>Objeto:&nbsp;<u>OPTIMIZACI\u00d3N Y ADECUACI\u00d3N DEL ACUEDUCTO EN LA ZONA DE EXPANSI\u00d3N DEL MUNICIPIO DE CIMITARRA SANTANDER<\/u><\/strong><\/p>\n\n\n\n<p><\/p>\n\n\n\n<figure class=\"wp-block-table\"><table><tbody><tr><td>1<\/td><td>CDP<\/td><td><a href=\"https:\/\/www.aguasdecimitarrasas.com\/wp-content\/uploads\/2024\/08\/CDP.zip\">Descargar<\/a><\/td><\/tr><tr><td>2<\/td><td>Estudios Previos<\/td><td><a href=\"https:\/\/www.aguasdecimitarrasas.com\/wp-content\/uploads\/2024\/08\/ESTUDIOS-PREVIOS.zip\">Descargar<\/a><\/td><\/tr><tr><td>3<\/td><td>Aviso de Convocatoria<\/td><td><a href=\"https:\/\/www.aguasdecimitarrasas.com\/wp-content\/uploads\/2024\/08\/AVISO-DE-CONVOCATORIA.zip\">Descargar<\/a><\/td><\/tr><tr><td>4<\/td><td>Pliego de Condiciones<\/td><td><a href=\"https:\/\/www.aguasdecimitarrasas.com\/wp-content\/uploads\/2024\/08\/PLIEGO-DE-CONDICIONES.zip\">Descargar<\/a><\/td><\/tr><tr><td>5<\/td><td>Resoluci\u00f3n de apertura<\/td><td><a href=\"https:\/\/www.aguasdecimitarrasas.com\/wp-content\/uploads\/2024\/08\/RESOLUCION-DE-APERTURA.zip\">Descargar<\/a><\/td><\/tr><tr><td>6<\/td><td>Acta de recepci\u00f3n de propuestas<\/td><td><a href=\"https:\/\/www.aguasdecimitarrasas.com\/wp-content\/uploads\/2024\/08\/ACTA-DE-ENTREGA-DE-LA-PROPUESTA.zip\">Descargar<\/a><\/td><\/tr><tr><td>7<\/td><td>Acta&nbsp;de&nbsp;cierre<\/td><td><a href=\"https:\/\/www.aguasdecimitarrasas.com\/wp-content\/uploads\/2024\/08\/ACTA-DE-CIERRE-DE-LA-PROPUESTA.zip\">Descargar<\/a><\/td><\/tr><tr><td>8<\/td><td>Propuesta #1<\/td><td><a href=\"https:\/\/www.aguasdecimitarrasas.com\/wp-content\/uploads\/2024\/08\/PROPUESTA-INDUSTRIALES-DEL-CARARE-SAS.zip\">Descargar<\/a><\/td><\/tr><tr><td>9<\/td><td>Propuesta #2<\/td><td><a href=\"https:\/\/www.aguasdecimitarrasas.com\/wp-content\/uploads\/2024\/08\/PROPUESTA-INVERSIONES-E-INGENERIA.zip\">Descargar<\/a><\/td><\/tr><tr><td>10<\/td><td>Informe de Evaluaci\u00f3n<\/td><td><a href=\"https:\/\/www.aguasdecimitarrasas.com\/wp-content\/uploads\/2024\/08\/EVALUACION.zip\">Descargar<\/a><\/td><\/tr><tr><td>11<\/td><td>Resoluci\u00f3n <\/td><td><a href=\"https:\/\/www.aguasdecimitarrasas.com\/wp-content\/uploads\/2024\/08\/RESOLUCION-ACC-No-009-DE-2024.zip\">Descargar<\/a><\/td><\/tr><tr><td>12<\/td><td>Contrato<\/td><td><a href=\"https:\/\/www.aguasdecimitarrasas.com\/wp-content\/uploads\/2024\/08\/CONTRATO-OBRA-128-2024.zip\">Descargar<\/a><\/td><\/tr><tr><\/tr><\/tbody><\/table><\/figure>\n","protected":false},"excerpt":{"rendered":"<p>DATOS DEL PROCESO Proceso No.&nbsp;INVITACION PUBLICA No AGUC-INVPUB-01-24 Objeto:&nbsp;OPTIMIZACI\u00d3N Y ADECUACI\u00d3N DEL ACUEDUCTO EN LA ZONA DE EXPANSI\u00d3N DEL MUNICIPIO DE CIMITARRA SANTANDER 1 CDP Descargar 2 Estudios Previos Descargar 3 Aviso de Convocatoria Descargar 4 Pliego de Condiciones Descargar 5 Resoluci\u00f3n de apertura Descargar 6 Acta de recepci\u00f3n de propuestas Descargar 7 Acta&nbsp;de&nbsp;cierre Descargar [&hellip;]<\/p>\n","protected":false},"author":6,"featured_media":0,"parent":0,"menu_order":0,"comment_status":"closed","ping_status":"closed","template":"","meta":{"footnotes":""},"class_list":["post-573","page","type-page","status-publish","hentry"],"_links":{"self":[{"href":"https:\/\/www.aguasdecimitarrasas.com\/index.php?rest_route=\/wp\/v2\/pages\/573","targetHints":{"allow":["GET"]}}],"collection":[{"href":"https:\/\/www.aguasdecimitarrasas.com\/index.php?rest_route=\/wp\/v2\/pages"}],"about":[{"href":"https:\/\/www.aguasdecimitarrasas.com\/index.php?rest_route=\/wp\/v2\/types\/page"}],"author":[{"embeddable":true,"href":"https:\/\/www.aguasdecimitarrasas.com\/index.php?rest_route=\/wp\/v2\/users\/6"}],"replies":[{"embeddable":true,"href":"https:\/\/www.aguasdecimitarrasas.com\/index.php?rest_route=%2Fwp%2Fv2%2Fcomments&post=573"}],"version-history":[{"count":15,"href":"https:\/\/www.aguasdecimitarrasas.com\/index.php?rest_route=\/wp\/v2\/pages\/573\/revisions"}],"predecessor-version":[{"id":656,"href":"https:\/\/www.aguasdecimitarrasas.com\/index.php?rest_route=\/wp\/v2\/pages\/573\/revisions\/656"}],"wp:attachment":[{"href":"https:\/\/www.aguasdecimitarrasas.com\/index.php?rest_route=%2Fwp%2Fv2%2Fmedia&parent=573"}],"curies":[{"name":"wp","href":"https:\/\/api.w.org\/{rel}","templated":true}]}}