{"id":62,"date":"2021-08-16T23:23:08","date_gmt":"2021-08-16T23:23:08","guid":{"rendered":"https:\/\/www.aguasdecimitarrasas.com\/?page_id=62"},"modified":"2026-03-26T12:41:20","modified_gmt":"2026-03-26T12:41:20","slug":"noticias","status":"publish","type":"page","link":"https:\/\/www.aguasdecimitarrasas.com\/?page_id=62","title":{"rendered":"Noticias"},"content":{"rendered":"\n<p>Apreciado Suscriptor:<\/p>\n\n\n\n<p>En cumplimiento del Acuerdo 1381 de 2024 y de la normatividad vigente expedida por la Comisi\u00f3n de Regulaci\u00f3n de Agua Potable y Saneamiento B\u00e1sico \u2013 CRA, as\u00ed como por el Ministerio de Vivienda, Ciudad y Territorio, la Empresa de Servicios P\u00fablicos adopta la facturaci\u00f3n conjunta e integral del servicio p\u00fablico de aseo, incluyendo la actividad de aprovechamiento. Informamos las modificaciones tarifarias que se aplicar\u00e1n en el servicio de Aseo, como resultado de la incorporaci\u00f3n de la actividad de Aprovechamiento<\/p>\n\n\n\n<figure class=\"wp-block-image size-large\"><img loading=\"lazy\" decoding=\"async\" width=\"1024\" height=\"568\" src=\"https:\/\/www.aguasdecimitarrasas.com\/wp-content\/uploads\/2026\/03\/Noticia4-1024x568.png\" alt=\"\" class=\"wp-image-953\" srcset=\"https:\/\/www.aguasdecimitarrasas.com\/wp-content\/uploads\/2026\/03\/Noticia4-1024x568.png 1024w, https:\/\/www.aguasdecimitarrasas.com\/wp-content\/uploads\/2026\/03\/Noticia4-300x166.png 300w, https:\/\/www.aguasdecimitarrasas.com\/wp-content\/uploads\/2026\/03\/Noticia4-768x426.png 768w, https:\/\/www.aguasdecimitarrasas.com\/wp-content\/uploads\/2026\/03\/Noticia4.png 1361w\" sizes=\"auto, (max-width: 1024px) 100vw, 1024px\" \/><\/figure>\n\n\n\n<p><\/p>\n\n\n\n<p>Conforme al art\u00edculo 125 de la Ley 142, Las tarifas ser\u00e1n actualizadas con el IPC acumulado del 3%. La Gerencia de AGUAS DE CIMITARRA S.A.S. ESP realiz\u00f3 la Actualizaci\u00f3n de las Tarifas para los servicios de Acueducto y Alcantarillado seg\u00fan Resoluci\u00f3n 11 del 30 de Enero 2026, Tarifas que ser\u00e1n aplicadas a partir del 1 de marzo de 2026, con la facturaci\u00f3n de consumo de febrero de 2026 a todos los usuarios y\/o suscriptores del \u00e1rea de prestaci\u00f3n de servicio A.P.S. del Municipio de Cimitarra Departamento de Santander<\/p>\n\n\n\n<figure class=\"wp-block-image size-large\"><img loading=\"lazy\" decoding=\"async\" width=\"1024\" height=\"530\" src=\"https:\/\/www.aguasdecimitarrasas.com\/wp-content\/uploads\/2026\/02\/image-1024x530.jpeg\" alt=\"\" class=\"wp-image-929\" srcset=\"https:\/\/www.aguasdecimitarrasas.com\/wp-content\/uploads\/2026\/02\/image-1024x530.jpeg 1024w, https:\/\/www.aguasdecimitarrasas.com\/wp-content\/uploads\/2026\/02\/image-300x155.jpeg 300w, https:\/\/www.aguasdecimitarrasas.com\/wp-content\/uploads\/2026\/02\/image-768x398.jpeg 768w, https:\/\/www.aguasdecimitarrasas.com\/wp-content\/uploads\/2026\/02\/image.jpeg 1437w\" sizes=\"auto, (max-width: 1024px) 100vw, 1024px\" \/><\/figure>\n\n\n\n<p><\/p>\n\n\n\n<p>Tarifa de aprovechamiento mes de Febrero 2026<\/p>\n\n\n\n<p><strong>Apreciado Suscriptor:<\/strong><\/p>\n\n\n\n<p>En cumplimiento del Acuerdo 1381 de 2024 y de la normatividad vigente expedida por la Comisi\u00f3n de Regulaci\u00f3n de Agua Potable y Saneamiento B\u00e1sico \u2013 CRA, as\u00ed como por el Ministerio de Vivienda, Ciudad y Territorio, la Empresa de Servicios P\u00fablicos adopta la facturaci\u00f3n conjunta e integral del servicio p\u00fablico de aseo, incluyendo la actividad de aprovechamiento. Informamos las modificaciones tarifarias que se aplicar\u00e1n en el servicio de Aseo, como resultado de la incorporaci\u00f3n de la actividad de Aprovechamiento<\/p>\n\n\n\n<figure class=\"wp-block-image size-large\"><img loading=\"lazy\" decoding=\"async\" width=\"1024\" height=\"224\" src=\"https:\/\/www.aguasdecimitarrasas.com\/wp-content\/uploads\/2026\/02\/WhatsApp-Image-2026-02-19-at-15.23.40-1024x224.jpeg\" alt=\"\" class=\"wp-image-925\" srcset=\"https:\/\/www.aguasdecimitarrasas.com\/wp-content\/uploads\/2026\/02\/WhatsApp-Image-2026-02-19-at-15.23.40-1024x224.jpeg 1024w, https:\/\/www.aguasdecimitarrasas.com\/wp-content\/uploads\/2026\/02\/WhatsApp-Image-2026-02-19-at-15.23.40-300x66.jpeg 300w, https:\/\/www.aguasdecimitarrasas.com\/wp-content\/uploads\/2026\/02\/WhatsApp-Image-2026-02-19-at-15.23.40-768x168.jpeg 768w, https:\/\/www.aguasdecimitarrasas.com\/wp-content\/uploads\/2026\/02\/WhatsApp-Image-2026-02-19-at-15.23.40.jpeg 1487w\" sizes=\"auto, (max-width: 1024px) 100vw, 1024px\" \/><\/figure>\n\n\n\n<p><\/p>\n\n\n\n<p><\/p>\n\n\n\n<p><strong>Apreciado Suscriptor:<\/strong><\/p>\n\n\n\n<p>En cumplimiento del Acuerdo 1381 de 2024 y de la normatividad vigente expedida por la Comisi\u00f3n de Regulaci\u00f3n de Agua Potable y Saneamiento B\u00e1sico \u2013 CRA, as\u00ed como por el Ministerio de Vivienda, Ciudad y Territorio, la Empresa de Servicios P\u00fablicos adopta la facturaci\u00f3n conjunta e integral del servicio p\u00fablico de aseo, incluyendo la actividad de aprovechamiento. Informamos las modificaciones tarifarias que se aplicar\u00e1n en el servicio de Aseo, como resultado de la incorporaci\u00f3n de la actividad de Aprovechamiento<\/p>\n\n\n\n<figure class=\"wp-block-image size-large\"><img loading=\"lazy\" decoding=\"async\" width=\"1024\" height=\"248\" src=\"https:\/\/www.aguasdecimitarrasas.com\/wp-content\/uploads\/2026\/02\/WhatsApp-Image-2026-02-03-at-18.28.32-1024x248.jpeg\" alt=\"\" class=\"wp-image-919\" srcset=\"https:\/\/www.aguasdecimitarrasas.com\/wp-content\/uploads\/2026\/02\/WhatsApp-Image-2026-02-03-at-18.28.32-1024x248.jpeg 1024w, https:\/\/www.aguasdecimitarrasas.com\/wp-content\/uploads\/2026\/02\/WhatsApp-Image-2026-02-03-at-18.28.32-300x73.jpeg 300w, https:\/\/www.aguasdecimitarrasas.com\/wp-content\/uploads\/2026\/02\/WhatsApp-Image-2026-02-03-at-18.28.32-768x186.jpeg 768w, https:\/\/www.aguasdecimitarrasas.com\/wp-content\/uploads\/2026\/02\/WhatsApp-Image-2026-02-03-at-18.28.32.jpeg 1247w\" sizes=\"auto, (max-width: 1024px) 100vw, 1024px\" \/><\/figure>\n\n\n\n<pre class=\"wp-block-code\"><code>_________________________________________________________________________________________<\/code><\/pre>\n\n\n\n<p><\/p>\n\n\n\n<figure class=\"wp-block-image size-large\"><img loading=\"lazy\" decoding=\"async\" width=\"1024\" height=\"914\" src=\"https:\/\/www.aguasdecimitarrasas.com\/wp-content\/uploads\/2025\/09\/Tarifas2-1024x914.jpg\" alt=\"\" class=\"wp-image-801\" srcset=\"https:\/\/www.aguasdecimitarrasas.com\/wp-content\/uploads\/2025\/09\/Tarifas2-1024x914.jpg 1024w, https:\/\/www.aguasdecimitarrasas.com\/wp-content\/uploads\/2025\/09\/Tarifas2-300x268.jpg 300w, https:\/\/www.aguasdecimitarrasas.com\/wp-content\/uploads\/2025\/09\/Tarifas2-768x685.jpg 768w, https:\/\/www.aguasdecimitarrasas.com\/wp-content\/uploads\/2025\/09\/Tarifas2.jpg 1178w\" sizes=\"auto, (max-width: 1024px) 100vw, 1024px\" \/><\/figure>\n\n\n\n<pre class=\"wp-block-code\"><code>&lt;br&gt;\n<\/code><\/pre>\n\n\n\n<p><\/p>\n\n\n\n<p><strong>AGUAS DE CIMITARRA SAS ESP<br>EMPRESA DE SERVICIOS PUBLICOS DOMICILIARIOS DEL MUNICIPIO DE CIMITARRA SANTANDER<\/strong><\/p>\n\n\n\n<p>En el art\u00edculo 4 del acuerdo No.29 (27 diciembre del 2022) estipula que los factores de subsidios y contribuciones aprobados por los respectivos Concejos Municipales tendr\u00e1n una vigencia igual a cinco (5) a\u00f1os, no obstante, estos factores podr\u00e1n ser modificados antes del t\u00e9rmino citado, cuando var\u00eden las condiciones para garantizar el equilibrio entre subsidios y contribuciones.<br>Por lo tanto para el a\u00f1o 2024 aguas de cimitarra prestadora de los servicios p\u00fablicos domiciliarios de acueducto alcantarillado y aseo en la ciudad de cimitarra, aplicar\u00e1n los siguientes factores de subsidio a las tarifas en el periodo 2024 y siguientes, de conformidad con lo establecido en la ley 142 de1994, la ley 632 de 2000, ley 1450 de 2011 y sus decretos reglamentarios.<\/p>\n\n\n\n<figure class=\"wp-block-image size-large\"><img loading=\"lazy\" decoding=\"async\" width=\"1024\" height=\"581\" src=\"https:\/\/www.aguasdecimitarrasas.com\/wp-content\/uploads\/2024\/05\/WhatsApp-Image-2024-05-17-at-11.37.24-AM-1024x581.jpeg\" alt=\"\" class=\"wp-image-522\" srcset=\"https:\/\/www.aguasdecimitarrasas.com\/wp-content\/uploads\/2024\/05\/WhatsApp-Image-2024-05-17-at-11.37.24-AM-1024x581.jpeg 1024w, https:\/\/www.aguasdecimitarrasas.com\/wp-content\/uploads\/2024\/05\/WhatsApp-Image-2024-05-17-at-11.37.24-AM-300x170.jpeg 300w, https:\/\/www.aguasdecimitarrasas.com\/wp-content\/uploads\/2024\/05\/WhatsApp-Image-2024-05-17-at-11.37.24-AM-768x436.jpeg 768w, https:\/\/www.aguasdecimitarrasas.com\/wp-content\/uploads\/2024\/05\/WhatsApp-Image-2024-05-17-at-11.37.24-AM-1536x872.jpeg 1536w, https:\/\/www.aguasdecimitarrasas.com\/wp-content\/uploads\/2024\/05\/WhatsApp-Image-2024-05-17-at-11.37.24-AM.jpeg 1600w\" sizes=\"auto, (max-width: 1024px) 100vw, 1024px\" \/><\/figure>\n\n\n\n<p>Aplicara tambi\u00e9n los siguientes Factores de aportes solidarios de Acueducto, Alcantarillado y Aseo. Las Entidades que presten los servicios domiciliarios de acueducto, alcantarillado y aseo en el municipio de Cimitarra &#8211; Santander, como subsidios fijos se aplicaran en lo sucesivo los siguientes factores de aportes solidarios a las tarifas.<\/p>\n\n\n<div class=\"wp-block-image\">\n<figure class=\"aligncenter size-full\"><img loading=\"lazy\" decoding=\"async\" width=\"412\" height=\"114\" src=\"https:\/\/www.aguasdecimitarrasas.com\/wp-content\/uploads\/2024\/05\/WhatsApp-Image-2024-05-17-at-11.39.44-AM.jpeg\" alt=\"\" class=\"wp-image-523\" srcset=\"https:\/\/www.aguasdecimitarrasas.com\/wp-content\/uploads\/2024\/05\/WhatsApp-Image-2024-05-17-at-11.39.44-AM.jpeg 412w, https:\/\/www.aguasdecimitarrasas.com\/wp-content\/uploads\/2024\/05\/WhatsApp-Image-2024-05-17-at-11.39.44-AM-300x83.jpeg 300w\" sizes=\"auto, (max-width: 412px) 100vw, 412px\" \/><\/figure>\n<\/div>\n\n\n<p>C.F= Cargo fijo valor por suscriptor y\/o usuario que refleja los costos econ\u00f3micos involucrados en garantizar la disponibilidad permanente del servicio, independiente del nivel de uso.<br>C.M3: consumo b\u00e1sico Es el destinado a satisfacer las necesidades esenciales de consumo de la familia y comprende entre 1 y 16 metros c\u00fabicos mensuales.<br>Consumo complementario: es el consumo generado por un suscriptor y\/o usuario que supera 16 metros c\u00fabicos y su rango comprende de 16 a 32 metros c\u00fabicos.<br>Consumo suntuario:&nbsp;consumo generado que supera 32 metros c\u00fabicos.<\/p>\n\n\n\n<figure class=\"wp-block-image size-large\"><img loading=\"lazy\" decoding=\"async\" width=\"1024\" height=\"545\" src=\"https:\/\/www.aguasdecimitarrasas.com\/wp-content\/uploads\/2024\/05\/WhatsApp-Image-2024-05-17-at-11.53.41-AM-1024x545.jpeg\" alt=\"\" class=\"wp-image-526\" srcset=\"https:\/\/www.aguasdecimitarrasas.com\/wp-content\/uploads\/2024\/05\/WhatsApp-Image-2024-05-17-at-11.53.41-AM-1024x545.jpeg 1024w, https:\/\/www.aguasdecimitarrasas.com\/wp-content\/uploads\/2024\/05\/WhatsApp-Image-2024-05-17-at-11.53.41-AM-300x160.jpeg 300w, https:\/\/www.aguasdecimitarrasas.com\/wp-content\/uploads\/2024\/05\/WhatsApp-Image-2024-05-17-at-11.53.41-AM-768x408.jpeg 768w, https:\/\/www.aguasdecimitarrasas.com\/wp-content\/uploads\/2024\/05\/WhatsApp-Image-2024-05-17-at-11.53.41-AM-1536x817.jpeg 1536w, https:\/\/www.aguasdecimitarrasas.com\/wp-content\/uploads\/2024\/05\/WhatsApp-Image-2024-05-17-at-11.53.41-AM.jpeg 1600w\" sizes=\"auto, (max-width: 1024px) 100vw, 1024px\" \/><\/figure>\n\n\n\n<figure class=\"wp-block-image size-large\"><img loading=\"lazy\" decoding=\"async\" width=\"1024\" height=\"117\" src=\"https:\/\/www.aguasdecimitarrasas.com\/wp-content\/uploads\/2024\/05\/WhatsApp-Image-2024-05-17-at-11.53.55-AM-1024x117.jpeg\" alt=\"\" class=\"wp-image-527\" srcset=\"https:\/\/www.aguasdecimitarrasas.com\/wp-content\/uploads\/2024\/05\/WhatsApp-Image-2024-05-17-at-11.53.55-AM-1024x117.jpeg 1024w, https:\/\/www.aguasdecimitarrasas.com\/wp-content\/uploads\/2024\/05\/WhatsApp-Image-2024-05-17-at-11.53.55-AM-300x34.jpeg 300w, https:\/\/www.aguasdecimitarrasas.com\/wp-content\/uploads\/2024\/05\/WhatsApp-Image-2024-05-17-at-11.53.55-AM-768x88.jpeg 768w, https:\/\/www.aguasdecimitarrasas.com\/wp-content\/uploads\/2024\/05\/WhatsApp-Image-2024-05-17-at-11.53.55-AM-1536x176.jpeg 1536w, https:\/\/www.aguasdecimitarrasas.com\/wp-content\/uploads\/2024\/05\/WhatsApp-Image-2024-05-17-at-11.53.55-AM.jpeg 1600w\" sizes=\"auto, (max-width: 1024px) 100vw, 1024px\" \/><\/figure>\n\n\n\n<figure class=\"wp-block-image size-large\"><img loading=\"lazy\" decoding=\"async\" width=\"1024\" height=\"507\" src=\"https:\/\/www.aguasdecimitarrasas.com\/wp-content\/uploads\/2024\/05\/WhatsApp-Image-2024-05-17-at-11.54.27-AM-1024x507.jpeg\" alt=\"\" class=\"wp-image-528\" srcset=\"https:\/\/www.aguasdecimitarrasas.com\/wp-content\/uploads\/2024\/05\/WhatsApp-Image-2024-05-17-at-11.54.27-AM-1024x507.jpeg 1024w, https:\/\/www.aguasdecimitarrasas.com\/wp-content\/uploads\/2024\/05\/WhatsApp-Image-2024-05-17-at-11.54.27-AM-300x149.jpeg 300w, https:\/\/www.aguasdecimitarrasas.com\/wp-content\/uploads\/2024\/05\/WhatsApp-Image-2024-05-17-at-11.54.27-AM-768x380.jpeg 768w, https:\/\/www.aguasdecimitarrasas.com\/wp-content\/uploads\/2024\/05\/WhatsApp-Image-2024-05-17-at-11.54.27-AM-1536x760.jpeg 1536w, https:\/\/www.aguasdecimitarrasas.com\/wp-content\/uploads\/2024\/05\/WhatsApp-Image-2024-05-17-at-11.54.27-AM.jpeg 1600w\" sizes=\"auto, (max-width: 1024px) 100vw, 1024px\" \/><\/figure>\n\n\n\n<p>Cargo fijo alcantarillado: Valor por suscriptor y\/o usuario que refleja los costos econ\u00f3micos involucrados en garantizar la disponibilidad permanente del servicio, independiente del nivel de uso.<br>Vertimiento b\u00e1sico: &nbsp;Es el equivalente al consumo b\u00e1sico del servicio de acueducto comprende entre 1 y 16 metros c\u00fabicos mensuales.<br>Vertimiento complementario: son los vertimientos generados por un suscriptor y\/o usuario que supera 16 metros c\u00fabicos y su rango comprende de 17 a 32 metros c\u00fabicos.<br>Vertimiento suntuario:&nbsp; comprende los consumos mayores a 33 metros c\u00fabicos<\/p>\n\n\n\n<figure class=\"wp-block-image size-large\"><img loading=\"lazy\" decoding=\"async\" width=\"1024\" height=\"74\" src=\"https:\/\/www.aguasdecimitarrasas.com\/wp-content\/uploads\/2024\/05\/WhatsApp-Image-2024-05-17-at-11.54.36-AM-1024x74.jpeg\" alt=\"\" class=\"wp-image-529\" srcset=\"https:\/\/www.aguasdecimitarrasas.com\/wp-content\/uploads\/2024\/05\/WhatsApp-Image-2024-05-17-at-11.54.36-AM-1024x74.jpeg 1024w, https:\/\/www.aguasdecimitarrasas.com\/wp-content\/uploads\/2024\/05\/WhatsApp-Image-2024-05-17-at-11.54.36-AM-300x22.jpeg 300w, https:\/\/www.aguasdecimitarrasas.com\/wp-content\/uploads\/2024\/05\/WhatsApp-Image-2024-05-17-at-11.54.36-AM-768x55.jpeg 768w, https:\/\/www.aguasdecimitarrasas.com\/wp-content\/uploads\/2024\/05\/WhatsApp-Image-2024-05-17-at-11.54.36-AM-1536x110.jpeg 1536w, https:\/\/www.aguasdecimitarrasas.com\/wp-content\/uploads\/2024\/05\/WhatsApp-Image-2024-05-17-at-11.54.36-AM.jpeg 1600w\" sizes=\"auto, (max-width: 1024px) 100vw, 1024px\" \/><\/figure>\n\n\n\n<figure class=\"wp-block-image size-large\"><img loading=\"lazy\" decoding=\"async\" width=\"1024\" height=\"540\" src=\"https:\/\/www.aguasdecimitarrasas.com\/wp-content\/uploads\/2024\/05\/WhatsApp-Image-2024-05-17-at-11.55.00-AM-1024x540.jpeg\" alt=\"\" class=\"wp-image-530\" srcset=\"https:\/\/www.aguasdecimitarrasas.com\/wp-content\/uploads\/2024\/05\/WhatsApp-Image-2024-05-17-at-11.55.00-AM-1024x540.jpeg 1024w, https:\/\/www.aguasdecimitarrasas.com\/wp-content\/uploads\/2024\/05\/WhatsApp-Image-2024-05-17-at-11.55.00-AM-300x158.jpeg 300w, https:\/\/www.aguasdecimitarrasas.com\/wp-content\/uploads\/2024\/05\/WhatsApp-Image-2024-05-17-at-11.55.00-AM-768x405.jpeg 768w, https:\/\/www.aguasdecimitarrasas.com\/wp-content\/uploads\/2024\/05\/WhatsApp-Image-2024-05-17-at-11.55.00-AM-1536x809.jpeg 1536w, https:\/\/www.aguasdecimitarrasas.com\/wp-content\/uploads\/2024\/05\/WhatsApp-Image-2024-05-17-at-11.55.00-AM.jpeg 1600w\" sizes=\"auto, (max-width: 1024px) 100vw, 1024px\" \/><\/figure>\n\n\n\n<h2 class=\"wp-block-heading\">Superada Emergencia ocasionada por la quebrada Agua Fr\u00eda <\/h2>\n\n\n\n<p>En las Pr\u00f3ximas horas ser\u00e1 reestablecido el servicio de agua potable en los barrios Altos de la Paz, La Esperanza, Bello Horizonte y la zona de expansi\u00f3n de La nueva Cimitarra<\/p>\n\n\n\n<figure class=\"wp-block-video\"><video height=\"880\" style=\"aspect-ratio: 480 \/ 880;\" width=\"480\" controls src=\"https:\/\/www.aguasdecimitarrasas.com\/wp-content\/uploads\/2023\/08\/rest.mp4\"><\/video><\/figure>\n\n\n\n<h2 class=\"wp-block-heading\">Emergencia ocasionada por la quebrada Agua Fr\u00eda <\/h2>\n\n\n\n<figure class=\"wp-block-video\"><video height=\"640\" style=\"aspect-ratio: 480 \/ 640;\" width=\"480\" controls src=\"https:\/\/www.aguasdecimitarrasas.com\/wp-content\/uploads\/2023\/08\/aguas.mp4\"><\/video><\/figure>\n\n\n\n<h2 class=\"wp-block-heading\">Limpieza desarenador <\/h2>\n\n\n\n<div class=\"wp-block-columns is-layout-flex wp-container-core-columns-is-layout-9d6595d7 wp-block-columns-is-layout-flex\">\n<div class=\"wp-block-column is-layout-flow wp-block-column-is-layout-flow\">\n<p>Limpieza desarenador, ubicada sobre la salida a la India.<\/p>\n\n\n\n<p>Hacemos un llamado a la comunidad Cimitarre\u00f1a a tomar conciencia de la importancia de desechar los residuos s\u00f3lidos en los horarios establecidos dentro del recorrido del veh\u00edculo compactador. Por una Cimitarra mas limpia, por nuestra fauna y flora.<\/p>\n<\/div>\n\n\n\n<div class=\"wp-block-column is-layout-flow wp-block-column-is-layout-flow\">\n<figure class=\"wp-block-image size-full\"><img decoding=\"async\" src=\"https:\/\/www.aguasdecimitarrasas.com\/wp-content\/uploads\/2021\/08\/6-1.jpg\" alt=\"\" class=\"wp-image-151\"\/><\/figure>\n<\/div>\n<\/div>\n\n\n\n<h2 class=\"wp-block-heading\">Nuevo horario de Recolecci\u00f3n de Basuras<\/h2>\n\n\n\n<figure class=\"wp-block-image size-large\"><img loading=\"lazy\" decoding=\"async\" width=\"1024\" height=\"484\" src=\"https:\/\/www.aguasdecimitarrasas.com\/wp-content\/uploads\/2021\/08\/54-1024x484.jpg\" alt=\"\" class=\"wp-image-63\" srcset=\"https:\/\/www.aguasdecimitarrasas.com\/wp-content\/uploads\/2021\/08\/54-1024x484.jpg 1024w, https:\/\/www.aguasdecimitarrasas.com\/wp-content\/uploads\/2021\/08\/54-300x142.jpg 300w, https:\/\/www.aguasdecimitarrasas.com\/wp-content\/uploads\/2021\/08\/54-768x363.jpg 768w, https:\/\/www.aguasdecimitarrasas.com\/wp-content\/uploads\/2021\/08\/54.jpg 1040w\" sizes=\"auto, (max-width: 1024px) 100vw, 1024px\" \/><\/figure>\n\n\n\n<p>En el barrio lagos 1 (Parque lineal) y en el CIC de Prados de Occidente respectivamente, la empresa Aguas de Cimitarra socializ\u00f3 el nuevo horario de recolecci\u00f3n de las basuras en horario nocturno. Ante las comunidades de los barrios: Lagos 1, Lagos 2, El diamante, Prados de occidente, Brisas de agua fr\u00eda. All\u00ed se trataron temas de la clasificaci\u00f3n de las basuras y la culturizaci\u00f3n ciudadana que todos debemos implementar. La respuesta de las comunidades fue positiva y tuvo muy buena acogida. Est\u00e1s reuniones contaron con la presencia del se\u00f1or gerente de Aguas de Cimitarra; Cesar Ovalle y el intendente Danilo Prada, quien explic\u00f3 a la comunidad temas relacionados con los comparendos ambientales. El d\u00eda de inicio del proceso de recolecci\u00f3n ser\u00e1 el lunes 16 de marzo, se mantendr\u00e1n los recorridos actuales, cambiar\u00e1 solamente el horario.<\/p>\n","protected":false},"excerpt":{"rendered":"<p>Apreciado Suscriptor: En cumplimiento del Acuerdo 1381 de 2024 y de la normatividad vigente expedida por la Comisi\u00f3n de Regulaci\u00f3n de Agua Potable y Saneamiento B\u00e1sico \u2013 CRA, as\u00ed como por el Ministerio de Vivienda, Ciudad y Territorio, la Empresa de Servicios P\u00fablicos adopta la facturaci\u00f3n conjunta e integral del servicio p\u00fablico de aseo, incluyendo [&hellip;]<\/p>\n","protected":false},"author":1,"featured_media":0,"parent":0,"menu_order":0,"comment_status":"closed","ping_status":"closed","template":"","meta":{"footnotes":""},"class_list":["post-62","page","type-page","status-publish","hentry"],"_links":{"self":[{"href":"https:\/\/www.aguasdecimitarrasas.com\/index.php?rest_route=\/wp\/v2\/pages\/62","targetHints":{"allow":["GET"]}}],"collection":[{"href":"https:\/\/www.aguasdecimitarrasas.com\/index.php?rest_route=\/wp\/v2\/pages"}],"about":[{"href":"https:\/\/www.aguasdecimitarrasas.com\/index.php?rest_route=\/wp\/v2\/types\/page"}],"author":[{"embeddable":true,"href":"https:\/\/www.aguasdecimitarrasas.com\/index.php?rest_route=\/wp\/v2\/users\/1"}],"replies":[{"embeddable":true,"href":"https:\/\/www.aguasdecimitarrasas.com\/index.php?rest_route=%2Fwp%2Fv2%2Fcomments&post=62"}],"version-history":[{"count":21,"href":"https:\/\/www.aguasdecimitarrasas.com\/index.php?rest_route=\/wp\/v2\/pages\/62\/revisions"}],"predecessor-version":[{"id":955,"href":"https:\/\/www.aguasdecimitarrasas.com\/index.php?rest_route=\/wp\/v2\/pages\/62\/revisions\/955"}],"wp:attachment":[{"href":"https:\/\/www.aguasdecimitarrasas.com\/index.php?rest_route=%2Fwp%2Fv2%2Fmedia&parent=62"}],"curies":[{"name":"wp","href":"https:\/\/api.w.org\/{rel}","templated":true}]}}