{"id":744,"date":"2025-06-03T08:06:00","date_gmt":"2025-06-03T08:06:00","guid":{"rendered":"https:\/\/www.aguasdecimitarrasas.com\/?page_id=744"},"modified":"2026-03-03T23:26:29","modified_gmt":"2026-03-03T23:26:29","slug":"invitacion-publica-no-aguc-invpub-01-25","status":"publish","type":"page","link":"https:\/\/www.aguasdecimitarrasas.com\/?page_id=744","title":{"rendered":"INVITACION PUBLICA No\u00a0AGUC-INVPUB-02-2"},"content":{"rendered":"\n<p><strong>Proceso No.<\/strong>&nbsp;<strong>INVITACION PUBLICA No&nbsp;AGUC-INVPUB-02-2<\/strong><\/p>\n\n\n\n<p><strong>Objeto:&nbsp;<u>CONSTRUCCI\u00d3N DE PAVIMENTO R\u00cdGIDO Y OPTIMIZACI\u00d3N DE LA RED DE ALCANTARILLADO SANITARIO EN EL MUNICIPIO DE CIMITARRA EN VIRTUD DEL CONVENIO 251 DE 2025<\/u><\/strong><\/p>\n\n\n\n<figure class=\"wp-block-table\"><table><tbody><tr><td>1<\/td><td>Estudios Previos<\/td><td><a href=\"https:\/\/www.aguasdecimitarrasas.com\/wp-content\/uploads\/2025\/05\/1.-ESTUDIO-DE-OPRTUNIDAD.zip\">Descargar<\/a><\/td><\/tr><tr><td>2<\/td><td>Aviso de Convocatoria<\/td><td><a href=\"https:\/\/www.aguasdecimitarrasas.com\/wp-content\/uploads\/2025\/05\/2.-AVISO-CONVOCATORIA.zip\">Descargar<\/a><\/td><\/tr><tr><td>3<\/td><td>Proyecto de Pliegos<\/td><td><a href=\"https:\/\/www.aguasdecimitarrasas.com\/wp-content\/uploads\/2025\/05\/3.-PROYECTO-PLIEGO-DE-CONDICIONES.zip\">Descargar<\/a><\/td><\/tr><tr><td>4<\/td><td>Resoluci\u00f3n de Apertura<\/td><td><a href=\"https:\/\/www.aguasdecimitarrasas.com\/wp-content\/uploads\/2025\/06\/4.-RESOLUCION-APERTURA.zip\">Descargar<\/a><\/td><\/tr><tr><td>5<\/td><td>Pliego de Condiciones<\/td><td><a href=\"https:\/\/www.aguasdecimitarrasas.com\/wp-content\/uploads\/2025\/05\/5.-PLIEGO-DE-CONDICIONES-DEFINITIVO.zip\">Descargar<\/a><\/td><\/tr><tr><td>6<\/td><td>Adenda<\/td><td><a href=\"https:\/\/www.aguasdecimitarrasas.com\/wp-content\/uploads\/2025\/06\/ADENDA-01.pdf\">Descargar<\/a><\/td><\/tr><tr><td>7<\/td><td>Acta de entrega de propuestas<\/td><td><a href=\"https:\/\/www.aguasdecimitarrasas.com\/wp-content\/uploads\/2025\/06\/ACTA-ENTREGA-DE-PROPUESTA-AGUC-INVPUB-02-05.zip\">Descargar<\/a><\/td><\/tr><tr><td>8<\/td><td>Acta de cierre<\/td><td><a href=\"https:\/\/www.aguasdecimitarrasas.com\/wp-content\/uploads\/2025\/06\/ACTA-CIERRE.zip\">Descargar<\/a><\/td><\/tr><tr><td>9<\/td><td>Proinvias<\/td><td><a href=\"https:\/\/www.aguasdecimitarrasas.com\/wp-content\/uploads\/2025\/06\/PROINVIAS-.zip\">Descargar<\/a><\/td><\/tr><tr><td>10<\/td><td>\u2060Hobefel<\/td><td><a href=\"https:\/\/www.aguasdecimitarrasas.com\/wp-content\/uploads\/2025\/06\/HOBEFEL-SAS.zip\">Descargar<\/a><\/td><\/tr><tr><td>11<\/td><td>\u2060Acta comit\u00e9 evaluador<\/td><td><a href=\"https:\/\/www.aguasdecimitarrasas.com\/wp-content\/uploads\/2025\/06\/ACTA-DE-COMITE-EVALUADORA-No-006-DE-2025.zip\">Descargar<\/a><\/td><\/tr><tr><td>12<\/td><td>\u2060Resoluci\u00f3n Adjudicaci\u00f3n<\/td><td><a href=\"https:\/\/www.aguasdecimitarrasas.com\/wp-content\/uploads\/2025\/06\/RESOLUCION-DE-ADJUDICACION.zip\">Descargar<\/a><\/td><\/tr><tr><td>13<\/td><td>Contrato<\/td><td><a href=\"https:\/\/www.aguasdecimitarrasas.com\/wp-content\/uploads\/2025\/06\/Contrato.zip\">Descargar<\/a><\/td><\/tr><\/tbody><\/table><\/figure>\n\n\n\n<p><a href=\"https:\/\/drive.google.com\/drive\/folders\/1sqmw_z_HEYt6Ly3_BIWW-O9e6cJqTf3C\">CONTRACTUAL<\/a><\/p>\n\n\n\n<p><a href=\"https:\/\/drive.google.com\/drive\/folders\/1dkm7ciNkCYJJAefSL2TkJKK7Z7ba8x4X\">POSTCONTRACTUAL<\/a><\/p>\n\n\n\n<p><\/p>\n","protected":false},"excerpt":{"rendered":"<p>Proceso No.&nbsp;INVITACION PUBLICA No&nbsp;AGUC-INVPUB-02-2 Objeto:&nbsp;CONSTRUCCI\u00d3N DE PAVIMENTO R\u00cdGIDO Y OPTIMIZACI\u00d3N DE LA RED DE ALCANTARILLADO SANITARIO EN EL MUNICIPIO DE CIMITARRA EN VIRTUD DEL CONVENIO 251 DE 2025 1 Estudios Previos Descargar 2 Aviso de Convocatoria Descargar 3 Proyecto de Pliegos Descargar 4 Resoluci\u00f3n de Apertura Descargar 5 Pliego de Condiciones Descargar 6 Adenda Descargar [&hellip;]<\/p>\n","protected":false},"author":5,"featured_media":0,"parent":0,"menu_order":0,"comment_status":"closed","ping_status":"closed","template":"","meta":{"footnotes":""},"class_list":["post-744","page","type-page","status-publish","hentry"],"_links":{"self":[{"href":"https:\/\/www.aguasdecimitarrasas.com\/index.php?rest_route=\/wp\/v2\/pages\/744","targetHints":{"allow":["GET"]}}],"collection":[{"href":"https:\/\/www.aguasdecimitarrasas.com\/index.php?rest_route=\/wp\/v2\/pages"}],"about":[{"href":"https:\/\/www.aguasdecimitarrasas.com\/index.php?rest_route=\/wp\/v2\/types\/page"}],"author":[{"embeddable":true,"href":"https:\/\/www.aguasdecimitarrasas.com\/index.php?rest_route=\/wp\/v2\/users\/5"}],"replies":[{"embeddable":true,"href":"https:\/\/www.aguasdecimitarrasas.com\/index.php?rest_route=%2Fwp%2Fv2%2Fcomments&post=744"}],"version-history":[{"count":11,"href":"https:\/\/www.aguasdecimitarrasas.com\/index.php?rest_route=\/wp\/v2\/pages\/744\/revisions"}],"predecessor-version":[{"id":945,"href":"https:\/\/www.aguasdecimitarrasas.com\/index.php?rest_route=\/wp\/v2\/pages\/744\/revisions\/945"}],"wp:attachment":[{"href":"https:\/\/www.aguasdecimitarrasas.com\/index.php?rest_route=%2Fwp%2Fv2%2Fmedia&parent=744"}],"curies":[{"name":"wp","href":"https:\/\/api.w.org\/{rel}","templated":true}]}}