{"id":946,"date":"2026-03-03T23:31:34","date_gmt":"2026-03-03T23:31:34","guid":{"rendered":"https:\/\/www.aguasdecimitarrasas.com\/?page_id=946"},"modified":"2026-03-03T23:31:35","modified_gmt":"2026-03-03T23:31:35","slug":"consultoria-212-25","status":"publish","type":"page","link":"https:\/\/www.aguasdecimitarrasas.com\/?page_id=946","title":{"rendered":"CONSULTORIA 212-25"},"content":{"rendered":"\n<p>CARACTERIZACI\u00d3N DE VERTIMIENTOS EN CUMPLIMIENTO DEL DECRETO No 1076 DE 1076 DE 2015 Y POSTERIOR PRESENTACI\u00d3N DE AUTODECLARACI\u00d3N DE VERTIMIENTOS DE AGUAS DOMESTICAS A LA CORPORACI\u00d3N AUT\u00d3NOMA REGIONAL DE SANTANDER EN EL MUNICIPIO DE CIMITARRA SANTANDER<\/p>\n\n\n\n<p><a href=\"https:\/\/drive.google.com\/drive\/folders\/1kr6FORZmcC1c_jxJSWTF6ZVhEwldX7GP\">PRECONTRACTUAL<\/a><\/p>\n\n\n\n<p><a href=\"https:\/\/drive.google.com\/drive\/folders\/10imSSmjlaZA6C_iffThbdv-TpYhv2UDv\">CONTRACTUAL<\/a><\/p>\n\n\n\n<p><a href=\"https:\/\/drive.google.com\/drive\/folders\/1fHnXTVoPK54DTDiXPtksuE03-ChTBC7B\">POSTCONTRACTUAL<\/a><\/p>\n\n\n\n<p><\/p>\n","protected":false},"excerpt":{"rendered":"<p>CARACTERIZACI\u00d3N DE VERTIMIENTOS EN CUMPLIMIENTO DEL DECRETO No 1076 DE 1076 DE 2015 Y POSTERIOR PRESENTACI\u00d3N DE AUTODECLARACI\u00d3N DE VERTIMIENTOS DE AGUAS DOMESTICAS A LA CORPORACI\u00d3N AUT\u00d3NOMA REGIONAL DE SANTANDER EN EL MUNICIPIO DE CIMITARRA SANTANDER PRECONTRACTUAL CONTRACTUAL POSTCONTRACTUAL<\/p>\n","protected":false},"author":5,"featured_media":0,"parent":0,"menu_order":0,"comment_status":"closed","ping_status":"closed","template":"","meta":{"footnotes":""},"class_list":["post-946","page","type-page","status-publish","hentry"],"_links":{"self":[{"href":"https:\/\/www.aguasdecimitarrasas.com\/index.php?rest_route=\/wp\/v2\/pages\/946","targetHints":{"allow":["GET"]}}],"collection":[{"href":"https:\/\/www.aguasdecimitarrasas.com\/index.php?rest_route=\/wp\/v2\/pages"}],"about":[{"href":"https:\/\/www.aguasdecimitarrasas.com\/index.php?rest_route=\/wp\/v2\/types\/page"}],"author":[{"embeddable":true,"href":"https:\/\/www.aguasdecimitarrasas.com\/index.php?rest_route=\/wp\/v2\/users\/5"}],"replies":[{"embeddable":true,"href":"https:\/\/www.aguasdecimitarrasas.com\/index.php?rest_route=%2Fwp%2Fv2%2Fcomments&post=946"}],"version-history":[{"count":1,"href":"https:\/\/www.aguasdecimitarrasas.com\/index.php?rest_route=\/wp\/v2\/pages\/946\/revisions"}],"predecessor-version":[{"id":947,"href":"https:\/\/www.aguasdecimitarrasas.com\/index.php?rest_route=\/wp\/v2\/pages\/946\/revisions\/947"}],"wp:attachment":[{"href":"https:\/\/www.aguasdecimitarrasas.com\/index.php?rest_route=%2Fwp%2Fv2%2Fmedia&parent=946"}],"curies":[{"name":"wp","href":"https:\/\/api.w.org\/{rel}","templated":true}]}}